{"id":3,"date":"2025-02-05T09:49:57","date_gmt":"2025-02-05T08:49:57","guid":{"rendered":"https:\/\/xn--entroidodevilariodeconso-glc.gal\/?page_id=3"},"modified":"2025-02-21T15:37:52","modified_gmt":"2025-02-21T14:37:52","slug":"politica-privacidad","status":"publish","type":"page","link":"https:\/\/xn--entroidodevilariodeconso-glc.gal\/gl\/politica-privacidad\/","title":{"rendered":"Pol\u00edtica de privacidad"},"content":{"rendered":"<div style=\"height:150px\" aria-hidden=\"true\" class=\"wp-block-spacer\"><\/div>\n\n\n\n<h2 class=\"wp-block-heading\"><strong>POL\u00cdTICA DE PRIVACIDADE<\/strong><\/h2>\n\n\n\n<p>Este sitio web ten como finalidade ofrecer informaci\u00f3n e servizos p\u00fablicos dos concellos titulares. Non se recollen datos persoais dos usuarios a trav\u00e9s deste sitio web.<\/p>\n\n\n\n<p><\/p>\n\n\n\n<h3 class=\"wp-block-heading\">1. <strong>USO DE COOKIES<\/strong><\/h3>\n\n\n\n<p>Este sitio web s\u00f3 utiliza cookies t\u00e9cnicas necesarias para o seu funcionamento, que non permiten identificar ao usuario. Non se empregan cookies anal\u00edticas, publicitarias nin de terceiros sen o consentimento previo do usuario. Para m\u00e1is informaci\u00f3n, consulte a nosa Pol\u00edtica de Cookies.<\/p>\n\n\n\n<p><\/p>\n\n\n\n<h3 class=\"wp-block-heading\">2. <strong>LIGAZ\u00d3NS A SITIOS WEB DE TERCEIROS<\/strong><\/h3>\n\n\n\n<p>Este sitio web pode inclu\u00edr ligaz\u00f3ns a sitios web de terceiros cuxas pol\u00edticas de privacidade son alleas a esta. Non nos facemos responsables do tratamento de datos realizado neses sitios web.<\/p>\n\n\n\n<p><\/p>\n\n\n\n<h3 class=\"wp-block-heading\">3. <strong>MODIFICACI\u00d3N DA POL\u00cdTICA DE PRIVACIDADE<\/strong><\/h3>\n\n\n\n<p>O concello de Vilari\u00f1o de Conso res\u00e9rvase o dereito a modificar a presente Pol\u00edtica de Privacidade para adaptala a cambios lexislativos ou de funcionamento do sitio web.<\/p>\n\n\n\n<div style=\"height:150px\" aria-hidden=\"true\" class=\"wp-block-spacer\"><\/div>","protected":false},"excerpt":{"rendered":"<p>POL\u00cdTICA DE PRIVACIDAD El presente sitio web tiene como finalidad ofrecer informaci\u00f3n y servicios p\u00fablicos de los ayuntamientos titulares. No se recopilan datos personales de los usuarios a trav\u00e9s de este sitio web. 1. USO DE COOKIES Este sitio web \u00fanicamente utiliza cookies t\u00e9cnicas necesarias para su funcionamiento, que no permiten identificar al usuario. No [&hellip;]<\/p>","protected":false},"author":1,"featured_media":0,"parent":0,"menu_order":0,"comment_status":"closed","ping_status":"open","template":"","meta":{"iawp_total_views":5,"footnotes":""},"class_list":["post-3","page","type-page","status-publish","hentry"],"yoast_head":"<!-- This site is optimized with the Yoast SEO plugin v26.7 - https:\/\/yoast.com\/wordpress\/plugins\/seo\/ -->\n<title>Pol\u00edtica de privacidad - Entroido Vilari&ntilde;o de Conso<\/title>\n<meta name=\"robots\" content=\"noindex, nofollow\" \/>\n<meta property=\"og:locale\" content=\"gl_ES\" \/>\n<meta property=\"og:type\" content=\"article\" \/>\n<meta property=\"og:title\" content=\"Pol\u00edtica de privacidad - Entroido Vilari&ntilde;o de Conso\" \/>\n<meta property=\"og:description\" content=\"POL\u00cdTICA DE PRIVACIDAD El presente sitio web tiene como finalidad ofrecer informaci\u00f3n y servicios p\u00fablicos de los ayuntamientos titulares. No se recopilan datos personales de los usuarios a trav\u00e9s de este sitio web. 1. USO DE COOKIES Este sitio web \u00fanicamente utiliza cookies t\u00e9cnicas necesarias para su funcionamiento, que no permiten identificar al usuario. No [&hellip;]\" \/>\n<meta property=\"og:url\" content=\"https:\/\/xn--entroidodevilariodeconso-glc.gal\/gl\/politica-privacidad\/\" \/>\n<meta property=\"og:site_name\" content=\"Entroido Vilari&ntilde;o de Conso\" \/>\n<meta property=\"article:publisher\" content=\"https:\/\/www.facebook.com\/EntroidodeVilarinodeConso\" \/>\n<meta property=\"article:modified_time\" content=\"2025-02-21T14:37:52+00:00\" \/>\n<meta property=\"og:image\" content=\"https:\/\/xn--entroidodevilariodeconso-glc.gal\/wp-content\/uploads\/2024\/02\/Entroido-Vilarino-de-Conso.jpg\" \/>\n\t<meta property=\"og:image:width\" content=\"1056\" \/>\n\t<meta property=\"og:image:height\" content=\"750\" \/>\n\t<meta property=\"og:image:type\" content=\"image\/jpeg\" \/>\n<meta name=\"twitter:card\" content=\"summary_large_image\" \/>\n<meta name=\"twitter:site\" content=\"@entroidovdconso\" \/>\n<meta name=\"twitter:label1\" content=\"Tempo de lectura\" \/>\n\t<meta name=\"twitter:data1\" content=\"1 minuto\" \/>\n<script type=\"application\/ld+json\" class=\"yoast-schema-graph\">{\"@context\":\"https:\/\/schema.org\",\"@graph\":[{\"@type\":\"WebPage\",\"@id\":\"https:\/\/xn--entroidodevilariodeconso-glc.gal\/politica-privacidad\/\",\"url\":\"https:\/\/xn--entroidodevilariodeconso-glc.gal\/politica-privacidad\/\",\"name\":\"Pol\u00edtica de privacidad - Entroido Vilari&ntilde;o de Conso\",\"isPartOf\":{\"@id\":\"https:\/\/xn--entroidodevilariodeconso-glc.gal\/#website\"},\"datePublished\":\"2025-02-05T08:49:57+00:00\",\"dateModified\":\"2025-02-21T14:37:52+00:00\",\"breadcrumb\":{\"@id\":\"https:\/\/xn--entroidodevilariodeconso-glc.gal\/politica-privacidad\/#breadcrumb\"},\"inLanguage\":\"gl-ES\",\"potentialAction\":[{\"@type\":\"ReadAction\",\"target\":[\"https:\/\/xn--entroidodevilariodeconso-glc.gal\/politica-privacidad\/\"]}]},{\"@type\":\"BreadcrumbList\",\"@id\":\"https:\/\/xn--entroidodevilariodeconso-glc.gal\/politica-privacidad\/#breadcrumb\",\"itemListElement\":[{\"@type\":\"ListItem\",\"position\":1,\"name\":\"Portada\",\"item\":\"https:\/\/xn--entroidodevilariodeconso-glc.gal\/\"},{\"@type\":\"ListItem\",\"position\":2,\"name\":\"Pol\u00edtica de privacidad\"}]},{\"@type\":\"WebSite\",\"@id\":\"https:\/\/xn--entroidodevilariodeconso-glc.gal\/#website\",\"url\":\"https:\/\/xn--entroidodevilariodeconso-glc.gal\/\",\"name\":\"Entroido de Vilari\u00f1o de Conso\",\"description\":\"El Entroido es una de las principales festividades, -si no la principal- del municipio de Vilari&ntilde;o de Conso.\",\"potentialAction\":[{\"@type\":\"SearchAction\",\"target\":{\"@type\":\"EntryPoint\",\"urlTemplate\":\"https:\/\/xn--entroidodevilariodeconso-glc.gal\/?s={search_term_string}\"},\"query-input\":{\"@type\":\"PropertyValueSpecification\",\"valueRequired\":true,\"valueName\":\"search_term_string\"}}],\"inLanguage\":\"gl-ES\"}]}<\/script>\n<!-- \/ Yoast SEO plugin. -->","yoast_head_json":{"title":"Pol\u00edtica de privacidad - Entroido Vilari&ntilde;o de Conso","robots":{"index":"noindex","follow":"nofollow"},"og_locale":"gl_ES","og_type":"article","og_title":"Pol\u00edtica de privacidad - Entroido Vilari&ntilde;o de Conso","og_description":"POL\u00cdTICA DE PRIVACIDAD El presente sitio web tiene como finalidad ofrecer informaci\u00f3n y servicios p\u00fablicos de los ayuntamientos titulares. No se recopilan datos personales de los usuarios a trav\u00e9s de este sitio web. 1. USO DE COOKIES Este sitio web \u00fanicamente utiliza cookies t\u00e9cnicas necesarias para su funcionamiento, que no permiten identificar al usuario. No [&hellip;]","og_url":"https:\/\/xn--entroidodevilariodeconso-glc.gal\/gl\/politica-privacidad\/","og_site_name":"Entroido Vilari&ntilde;o de Conso","article_publisher":"https:\/\/www.facebook.com\/EntroidodeVilarinodeConso","article_modified_time":"2025-02-21T14:37:52+00:00","og_image":[{"width":1056,"height":750,"url":"https:\/\/xn--entroidodevilariodeconso-glc.gal\/wp-content\/uploads\/2024\/02\/Entroido-Vilarino-de-Conso.jpg","type":"image\/jpeg"}],"twitter_card":"summary_large_image","twitter_site":"@entroidovdconso","twitter_misc":{"Tempo de lectura":"1 minuto"},"schema":{"@context":"https:\/\/schema.org","@graph":[{"@type":"WebPage","@id":"https:\/\/xn--entroidodevilariodeconso-glc.gal\/politica-privacidad\/","url":"https:\/\/xn--entroidodevilariodeconso-glc.gal\/politica-privacidad\/","name":"Pol\u00edtica de privacidad - Entroido Vilari&ntilde;o de Conso","isPartOf":{"@id":"https:\/\/xn--entroidodevilariodeconso-glc.gal\/#website"},"datePublished":"2025-02-05T08:49:57+00:00","dateModified":"2025-02-21T14:37:52+00:00","breadcrumb":{"@id":"https:\/\/xn--entroidodevilariodeconso-glc.gal\/politica-privacidad\/#breadcrumb"},"inLanguage":"gl-ES","potentialAction":[{"@type":"ReadAction","target":["https:\/\/xn--entroidodevilariodeconso-glc.gal\/politica-privacidad\/"]}]},{"@type":"BreadcrumbList","@id":"https:\/\/xn--entroidodevilariodeconso-glc.gal\/politica-privacidad\/#breadcrumb","itemListElement":[{"@type":"ListItem","position":1,"name":"Portada","item":"https:\/\/xn--entroidodevilariodeconso-glc.gal\/"},{"@type":"ListItem","position":2,"name":"Pol\u00edtica de privacidad"}]},{"@type":"WebSite","@id":"https:\/\/xn--entroidodevilariodeconso-glc.gal\/#website","url":"https:\/\/xn--entroidodevilariodeconso-glc.gal\/","name":"Entroido de Vilari\u00f1o de Conso","description":"El Entroido es una de las principales festividades, -si no la principal- del municipio de Vilari&ntilde;o de Conso.","potentialAction":[{"@type":"SearchAction","target":{"@type":"EntryPoint","urlTemplate":"https:\/\/xn--entroidodevilariodeconso-glc.gal\/?s={search_term_string}"},"query-input":{"@type":"PropertyValueSpecification","valueRequired":true,"valueName":"search_term_string"}}],"inLanguage":"gl-ES"}]}},"_links":{"self":[{"href":"https:\/\/xn--entroidodevilariodeconso-glc.gal\/gl\/wp-json\/wp\/v2\/pages\/3","targetHints":{"allow":["GET"]}}],"collection":[{"href":"https:\/\/xn--entroidodevilariodeconso-glc.gal\/gl\/wp-json\/wp\/v2\/pages"}],"about":[{"href":"https:\/\/xn--entroidodevilariodeconso-glc.gal\/gl\/wp-json\/wp\/v2\/types\/page"}],"author":[{"embeddable":true,"href":"https:\/\/xn--entroidodevilariodeconso-glc.gal\/gl\/wp-json\/wp\/v2\/users\/1"}],"replies":[{"embeddable":true,"href":"https:\/\/xn--entroidodevilariodeconso-glc.gal\/gl\/wp-json\/wp\/v2\/comments?post=3"}],"version-history":[{"count":7,"href":"https:\/\/xn--entroidodevilariodeconso-glc.gal\/gl\/wp-json\/wp\/v2\/pages\/3\/revisions"}],"predecessor-version":[{"id":14008,"href":"https:\/\/xn--entroidodevilariodeconso-glc.gal\/gl\/wp-json\/wp\/v2\/pages\/3\/revisions\/14008"}],"wp:attachment":[{"href":"https:\/\/xn--entroidodevilariodeconso-glc.gal\/gl\/wp-json\/wp\/v2\/media?parent=3"}],"curies":[{"name":"wp","href":"https:\/\/api.w.org\/{rel}","templated":true}]}}