{"id":13863,"date":"2024-10-22T13:34:31","date_gmt":"2024-10-22T11:34:31","guid":{"rendered":"https:\/\/xn--entroidodevilariodeconso-glc.gal\/?page_id=13863"},"modified":"2025-02-18T14:12:33","modified_gmt":"2025-02-18T13:12:33","slug":"declaracion-de-accesibilidad","status":"publish","type":"page","link":"https:\/\/xn--entroidodevilariodeconso-glc.gal\/gl\/declaracion-de-accesibilidad\/","title":{"rendered":"Declaraci\u00f3n de accesibilidade"},"content":{"rendered":"<div data-elementor-type=\"wp-page\" data-elementor-id=\"13863\" class=\"elementor elementor-13863\">\n\t\t\t\t\t\t<section class=\"elementor-section elementor-top-section elementor-element elementor-element-163170b3 elementor-section-boxed elementor-section-height-default elementor-section-height-default\" data-id=\"163170b3\" data-element_type=\"section\">\n\t\t\t\t\t\t<div class=\"elementor-container elementor-column-gap-default\">\n\t\t\t\t\t<div class=\"elementor-column elementor-col-100 elementor-top-column elementor-element elementor-element-b5c27f5\" data-id=\"b5c27f5\" data-element_type=\"column\">\n\t\t\t<div class=\"elementor-widget-wrap elementor-element-populated\">\n\t\t\t\t\t\t<div class=\"elementor-element elementor-element-eb576cc elementor-widget elementor-widget-text-editor\" data-id=\"eb576cc\" data-element_type=\"widget\" data-widget_type=\"text-editor.default\">\n\t\t\t\t<div class=\"elementor-widget-container\">\n\t\t\t\t\t\t\t\t\t\n<h2 class=\"wp-block-heading\">Estado de conformidade<\/h2>\n\n<p>\u00a0<\/p>\n\n<p>Cremos firmemente que Internet debe estar dispo\u00f1ible e accesible para todos, e estamos comprometidos en ofrecer un sitio web accesible ao p\u00fablico m\u00e1is amplo posible, independentemente das circunstancias e habilidades.<\/p>\n\n<p>\u00a0<\/p>\n\n<p>Para cumprir con isto, pretendemos adherirnos o m\u00e1is estritamente posible \u00e1s Directrices de accesibilidade ao contido web 2.1 (WCAG 2.1) do World Wide Web Consortium (W3C) no nivel AA. Estas directrices explican como facer que os contidos web sexan accesibles para as persoas con discapacidade. O cumprimento destas pautas ax\u00fadanos a garantir que a web sexa accesible para todas as persoas: persoas cegas, persoas con discapacidade motriz, discapacidade visual, discapacidade cognitiva, etc.<\/p>\n\n<p>\u00a0<\/p>\n\n<p>Este sitio web utiliza diversas tecnolox\u00edas que pretenden facelo o m\u00e1is accesible posible en todo momento. Usamos unha interface de accesibilidade que permite \u00e1s persoas con discapacidade espec\u00edfica axustar a IU (interface de usuario) do sitio web e dese\u00f1ala \u00e1s s\u00faas necesidades persoais.<\/p>\n\n<p>\u00a0<\/p>\n\n<p>Ademais, o sitio web utiliza unha aplicaci\u00f3n baseada en AI que se executa en segundo plano e optimiza constantemente o seu nivel de accesibilidade. Esta aplicaci\u00f3n remedia o HTML do sitio web, adapta a s\u00faa funcionalidade e comportamento para os lectores de pantalla utilizados por usuarios cegos e para as funci\u00f3ns do teclado que utilizan persoas con discapacidade motriz.<\/p>\n\n<p>\u00a0<\/p>\n\n<h2 class=\"wp-block-heading\">Lector de pantalla e navegaci\u00f3n por teclado<\/h2>\n\n<p>\u00a0<\/p>\n\n<p>O noso sitio web implementa a t\u00e9cnica de atributos ARIA (Accessible Rich Internet Applications), xunto con varios cambios de comportamento diferentes, para garantir que os usuarios cegos que visitan lectores de pantalla poidan ler, comprender e gozar das funci\u00f3ns do sitio web. En canto un usuario cun lector de pantalla entra no teu sitio, p\u00eddeselle inmediatamente que introduza o perfil do lector de pantalla para que poida navegar e operar o teu sitio de forma eficaz. As\u00ed \u00e9 como o noso sitio web cobre alg\u00fans dos requisitos m\u00e1is importantes do lector de pantalla, xunto con capturas de pantalla da consola de exemplos de c\u00f3digo:<\/p>\n\n<p>\u00a0<\/p>\n\n<ul class=\"wp-block-list\">\n<li>Optimizaci\u00f3n do lector de pantalla: realizamos un proceso en segundo plano que aprende os compo\u00f1entes do sitio web de arriba abaixo, para garantir o cumprimento continuo mesmo cando o sitio web estea actualizado. Neste proceso, proporcionamos aos lectores de pantalla datos significativos mediante o conxunto de atributos ARIA. Por exemplo, fornecemos etiquetas de formularios precisas; descrici\u00f3ns de iconas actuables (iconas de redes sociais, iconas de busca, iconas de carro, etc.); orientaci\u00f3n de validaci\u00f3n para as entradas do formulario; roles de elementos como bot\u00f3ns, men\u00fas, di\u00e1logos modais (emerxentes) e outros. Ademais, o proceso de fondo analiza todas as imaxes do sitio web e ofrece unha descrici\u00f3n precisa e significativa baseada no reco\u00f1ecemento de obxectos como unha etiqueta ALT (texto alternativo) para imaxes non descritivas. Tam\u00e9n extraer\u00e1 o texto que est\u00e1 incrustado na imaxe, utilizando unha tecnolox\u00eda OCR (reco\u00f1ecemento \u00f3ptico de caracteres). Para activar a configuraci\u00f3n do lector de pantalla en calquera momento, os usuarios s\u00f3 te\u00f1en que premer a combinaci\u00f3n de teclado Alt+1. Os usuarios de lectores de pantalla tam\u00e9n reciben anuncios autom\u00e1ticos para activar o modo de lector de pantalla en canto entran no sitio web. <br \/><br \/>Estes axustes son compatibles con todos os lectores de pantalla populares, inclu\u00eddos JAWS e NVDA.<\/li>\n\n<li>Optimizaci\u00f3n da navegaci\u00f3n do teclado: o proceso en segundo plano tam\u00e9n axusta o HTML do sitio web e engade varios comportamentos mediante c\u00f3digo JavaScript para que o sitio web sexa operable mediante o teclado. Isto incl\u00fae a posibilidade de navegar polo sitio web usando as teclas Tab e Mai\u00fas+Tab, operar men\u00fas despregables coas teclas de frecha, pechalos con Esc, activar bot\u00f3ns e ligaz\u00f3ns coa tecla Intro, navegar entre elementos de radio e caixa de verificaci\u00f3n usando a frecha. teclas e \u00e9ncheas coa barra de espazo ou a tecla Intro. Ademais, os usuarios do teclado atopar\u00e1n men\u00fas de navegaci\u00f3n r\u00e1pida e de omisi\u00f3n de contido, dispo\u00f1ibles en calquera momento facendo clic en Alt+1 ou como primeiros elementos do sitio mentres navegan co teclado. O proceso en segundo plano tam\u00e9n xestiona as vent\u00e1s emerxentes activadas movendo o foco do teclado a elas en canto aparecen e non permite que o foco se afasta del.<br \/><br \/>Os usuarios tam\u00e9n poden usar atallos como \"M\" (men\u00fas), \"H\" (encabezados), \"F\" (formularios), \"B\" (bot\u00f3ns) e \"G\" (gr\u00e1ficos) para ir a elementos espec\u00edficos.<\/li>\n<\/ul>\n\n<p>\u00a0<\/p>\n\n<h2 class=\"wp-block-heading\">Perf\u00eds de discapacidade admitidos no noso sitio web<\/h2>\n\n<ul class=\"wp-block-list\">\n<li><strong>Modo seguro de epilepsia:<\/strong> este perfil permite que as persoas con epilepsia utilicen o sitio web de forma segura eliminando o risco de convulsi\u00f3ns derivadas de animaci\u00f3ns parpadeantes ou parpadeantes e combinaci\u00f3ns de cores arriscadas.<\/li>\n\n<li><strong>Modo con discapacidade visual:<\/strong> este modo axusta o sitio web para a comodidade dos usuarios con discapacidade visual, como a vista degradante, a visi\u00f3n en t\u00fanel, as cataratas, o glaucoma e outros.<\/li>\n\n<li><strong>Modo para discapacidad cognitiva:<\/strong> este modo ofrece diferentes opci\u00f3ns de asistencia para axudar aos usuarios con deficiencias cognitivas como dislexia, autismo, CVA e outros, a centrarse nos elementos esenciais do sitio web con m\u00e1is facilidade.<\/li>\n\n<li><strong>Modo amigable con TDAH: <\/strong>este modo axuda aos usuarios con TDAH e trastornos do neurodesenvolvemento a ler, navegar e concentrarse nos elementos principais do sitio web con m\u00e1is facilidade mentres reduce significativamente as distracci\u00f3ns.<\/li>\n\n<li><strong>Modo Cegueira: <\/strong>este modo configura o sitio web para que sexa compatible con lectores de pantalla como JAWS, NVDA, VoiceOver e TalkBack. Un lector de pantalla \u00e9 un software para usuarios cegos que se instala nun ordenador e nun tel\u00e9fono intelixente, e os sitios web deben ser compatibles con el.<\/li>\n\n<li><strong>Perfil de navegaci\u00f3n do teclado:<\/strong> este perfil permite que as persoas con discapacidade motora utilicen o sitio web mediante a tecla Tab, Mai\u00fas+Tab e Intro. Os usuarios tam\u00e9n poden usar atallos como \"M\" (men\u00fas), \"H\" (encabezados), \"F\" (formularios), \"B\" (bot\u00f3ns) e \"G\" (gr\u00e1ficos) para ir a elementos espec\u00edficos.<\/li>\n<\/ul>\n\n<p>\u00a0<\/p>\n\n<h2 class=\"wp-block-heading\">Axustes adicionais de IU, dese\u00f1o e lexibilidade<\/h2>\n\n<p>\u00a0<\/p>\n\n<ul class=\"wp-block-list\">\n<li>Axustes de fonte: os usuarios poden aumentar e diminu\u00edr o seu tama\u00f1o, cambiar a s\u00faa familia (tipo), axustar o espazamento, a ali\u00f1aci\u00f3n, a altura da li\u00f1a e moito m\u00e1is.<\/li>\n\n<li>Axustes de cor: os usuarios poden seleccionar varios perf\u00eds de contraste de cor, como claro, escuro, invertido e monocromo. Ademais, os usuarios poden intercambiar esquemas de cores de t\u00edtulos, textos e fondos, con m\u00e1is de sete opci\u00f3ns de cores diferentes.<\/li>\n\n<li>Animaci\u00f3ns: a persoa con epilepsia pode deter todas as animaci\u00f3ns en execuci\u00f3n con s\u00f3 facer clic nun bot\u00f3n. As animaci\u00f3ns controladas pola interface incl\u00faen v\u00eddeos, GIF e transici\u00f3ns intermitentes CSS.<\/li>\n\n<li>Destacado de contido: os usuarios poden optar por enfatizar elementos importantes como ligaz\u00f3ns e t\u00edtulos. Tam\u00e9n poden optar por resaltar s\u00f3 os elementos enfocados ou pasados \u200b\u200bpolo rato. Silenciar o audio: os usuarios con dispositivos auditivos poden experimentar dores de cabeza ou outros problemas debido \u00e1 reproduci\u00f3n autom\u00e1tica de audio. Esta opci\u00f3n permite aos usuarios silenciar todo o sitio web ao instante.<\/li>\n\n<li>Silenciamento de audio: os usuarios con dispositivos auditivos poden experimentar dolores de cabeza ou outros problemas debido \u00e1 reproduci\u00f3n autom\u00e1tica de audio. Esta opci\u00f3n permite aos usuarios silenciar todo o sitio web ao instante.<\/li>\n\n<li>Trastornos cognitivos: utilizamos un motor de b\u00fasqueda vinculado a Wikipedia e Wikcionario, o que permite \u00e1s persoas con trastornos cognitivos descifrar significados de frases, iniciais, xerga e outros.<\/li>\n\n<li>Funci\u00f3ns adicionais: brindamos aos usuarios a opci\u00f3n de cambiar a cor e o tama\u00f1o do cursor, usar un modo de impresi\u00f3n, habilitar un teclado virtual e moitas outras funci\u00f3ns. Compatibilidade con navegadores e tecnolox\u00edas de asistencia.<\/li>\n<\/ul>\n\n<h2 class=\"wp-block-heading\">Axustes adicionais de IU, dese\u00f1o e lexibilidade<\/h2>\n\n<p>O noso obxectivo \u00e9 ofrecer compatibilidade coa maior variedade posible de navegadores e tecnolox\u00edas de asistencia, para que os nosos usuarios poidan escoller as ferramentas que mellor se adaptan a eles, coa menor cantidade de limitaci\u00f3ns posibles. Polo tanto, traballamos moi duro para poder ofrecer compatibilidade con todos os sistemas principais que comprenden m\u00e1is do 95 % da cuota do mercado dos usuarios, inclu\u00eddos Google Chrome, Mozilla Firefox, Apple Safari, Opera e Microsoft Edge, JAWS e NVDA. (lectores de pantalla<\/p>\n\n<h2 class=\"wp-block-heading\">Notas, comentarios e opini\u00f3ns.<\/h2>\n\n<p>A pesar dos nosos m\u00e1ximos esforzos para permitir que calquera persoa axuste o sitio web \u00e1s s\u00faas necesidades, \u00e9 posible que a\u00ednda haxa p\u00e1xinas ou secci\u00f3ns que non sexan completamente accesibles, que esten no proceso de ser accesibles ou que carezcan dunha soluci\u00f3n tecnol\u00f3xica adecuada para facerlas. accesibles. Aun as\u00ed, estamos mellorando continuamente a nosa accesibilidade, agregando, actualizando e mellorando as s\u00faas opci\u00f3ns e funci\u00f3ns, e desenvolvendo e adoptando novas tecnolox\u00edas. Todo isto ten como obxectivo alcanzar o nivel \u00f3ptimo de accesibilidade, seguindo os avances tecnol\u00f3xicos.<\/p>\n\t\t\t\t\t\t\t\t<\/div>\n\t\t\t\t<\/div>\n\t\t\t\t\t<\/div>\n\t\t<\/div>\n\t\t\t\t\t<\/div>\n\t\t<\/section>\n\t\t\t\t<\/div>","protected":false},"excerpt":{"rendered":"<p>Estado de cumplimiento \u00a0 Creemos firmemente que Internet debe estar disponible y ser accesible para cualquier persona, y estamos comprometidos a proporcionar un sitio web que sea accesible para la mayor audiencia posible, independientemente de las circunstancias y las capacidades. \u00a0 Para cumplir con esto, nuestro objetivo es cumplir lo m\u00e1s estrictamente posible con las [&hellip;]<\/p>","protected":false},"author":1,"featured_media":0,"parent":0,"menu_order":0,"comment_status":"closed","ping_status":"closed","template":"","meta":{"iawp_total_views":10,"footnotes":""},"class_list":["post-13863","page","type-page","status-publish","hentry"],"yoast_head":"<!-- This site is optimized with the Yoast SEO plugin v26.7 - https:\/\/yoast.com\/wordpress\/plugins\/seo\/ -->\n<title>Declaraci\u00f3n de accesibilidad - Entroido Vilari&ntilde;o de Conso<\/title>\n<meta name=\"robots\" content=\"noindex, nofollow\" \/>\n<meta property=\"og:locale\" content=\"gl_ES\" \/>\n<meta property=\"og:type\" content=\"article\" \/>\n<meta property=\"og:title\" content=\"Declaraci\u00f3n de accesibilidad - Entroido Vilari&ntilde;o de Conso\" \/>\n<meta property=\"og:description\" content=\"Estado de cumplimiento \u00a0 Creemos firmemente que Internet debe estar disponible y ser accesible para cualquier persona, y estamos comprometidos a proporcionar un sitio web que sea accesible para la mayor audiencia posible, independientemente de las circunstancias y las capacidades. \u00a0 Para cumplir con esto, nuestro objetivo es cumplir lo m\u00e1s estrictamente posible con las [&hellip;]\" \/>\n<meta property=\"og:url\" content=\"https:\/\/xn--entroidodevilariodeconso-glc.gal\/gl\/declaracion-de-accesibilidad\/\" \/>\n<meta property=\"og:site_name\" content=\"Entroido Vilari&ntilde;o de Conso\" \/>\n<meta property=\"article:publisher\" content=\"https:\/\/www.facebook.com\/EntroidodeVilarinodeConso\" \/>\n<meta property=\"article:modified_time\" content=\"2025-02-18T13:12:33+00:00\" \/>\n<meta property=\"og:image\" content=\"https:\/\/xn--entroidodevilariodeconso-glc.gal\/wp-content\/uploads\/2024\/02\/Entroido-Vilarino-de-Conso.jpg\" \/>\n\t<meta property=\"og:image:width\" content=\"1056\" \/>\n\t<meta property=\"og:image:height\" content=\"750\" \/>\n\t<meta property=\"og:image:type\" content=\"image\/jpeg\" \/>\n<meta name=\"twitter:card\" content=\"summary_large_image\" \/>\n<meta name=\"twitter:site\" content=\"@entroidovdconso\" \/>\n<meta name=\"twitter:label1\" content=\"Tempo de lectura\" \/>\n\t<meta name=\"twitter:data1\" content=\"7 minutos\" \/>\n<script type=\"application\/ld+json\" class=\"yoast-schema-graph\">{\"@context\":\"https:\/\/schema.org\",\"@graph\":[{\"@type\":\"WebPage\",\"@id\":\"https:\/\/xn--entroidodevilariodeconso-glc.gal\/declaracion-de-accesibilidad\/\",\"url\":\"https:\/\/xn--entroidodevilariodeconso-glc.gal\/declaracion-de-accesibilidad\/\",\"name\":\"Declaraci\u00f3n de accesibilidad - Entroido Vilari&ntilde;o de Conso\",\"isPartOf\":{\"@id\":\"https:\/\/xn--entroidodevilariodeconso-glc.gal\/#website\"},\"datePublished\":\"2024-10-22T11:34:31+00:00\",\"dateModified\":\"2025-02-18T13:12:33+00:00\",\"breadcrumb\":{\"@id\":\"https:\/\/xn--entroidodevilariodeconso-glc.gal\/declaracion-de-accesibilidad\/#breadcrumb\"},\"inLanguage\":\"gl-ES\",\"potentialAction\":[{\"@type\":\"ReadAction\",\"target\":[\"https:\/\/xn--entroidodevilariodeconso-glc.gal\/declaracion-de-accesibilidad\/\"]}]},{\"@type\":\"BreadcrumbList\",\"@id\":\"https:\/\/xn--entroidodevilariodeconso-glc.gal\/declaracion-de-accesibilidad\/#breadcrumb\",\"itemListElement\":[{\"@type\":\"ListItem\",\"position\":1,\"name\":\"Portada\",\"item\":\"https:\/\/xn--entroidodevilariodeconso-glc.gal\/\"},{\"@type\":\"ListItem\",\"position\":2,\"name\":\"Declaraci\u00f3n de accesibilidad\"}]},{\"@type\":\"WebSite\",\"@id\":\"https:\/\/xn--entroidodevilariodeconso-glc.gal\/#website\",\"url\":\"https:\/\/xn--entroidodevilariodeconso-glc.gal\/\",\"name\":\"Entroido de Vilari\u00f1o de Conso\",\"description\":\"El Entroido es una de las principales festividades, -si no la principal- del municipio de Vilari&ntilde;o de Conso.\",\"potentialAction\":[{\"@type\":\"SearchAction\",\"target\":{\"@type\":\"EntryPoint\",\"urlTemplate\":\"https:\/\/xn--entroidodevilariodeconso-glc.gal\/?s={search_term_string}\"},\"query-input\":{\"@type\":\"PropertyValueSpecification\",\"valueRequired\":true,\"valueName\":\"search_term_string\"}}],\"inLanguage\":\"gl-ES\"}]}<\/script>\n<!-- \/ Yoast SEO plugin. -->","yoast_head_json":{"title":"Declaraci\u00f3n de accesibilidad - Entroido Vilari&ntilde;o de Conso","robots":{"index":"noindex","follow":"nofollow"},"og_locale":"gl_ES","og_type":"article","og_title":"Declaraci\u00f3n de accesibilidad - Entroido Vilari&ntilde;o de Conso","og_description":"Estado de cumplimiento \u00a0 Creemos firmemente que Internet debe estar disponible y ser accesible para cualquier persona, y estamos comprometidos a proporcionar un sitio web que sea accesible para la mayor audiencia posible, independientemente de las circunstancias y las capacidades. \u00a0 Para cumplir con esto, nuestro objetivo es cumplir lo m\u00e1s estrictamente posible con las [&hellip;]","og_url":"https:\/\/xn--entroidodevilariodeconso-glc.gal\/gl\/declaracion-de-accesibilidad\/","og_site_name":"Entroido Vilari&ntilde;o de Conso","article_publisher":"https:\/\/www.facebook.com\/EntroidodeVilarinodeConso","article_modified_time":"2025-02-18T13:12:33+00:00","og_image":[{"width":1056,"height":750,"url":"https:\/\/xn--entroidodevilariodeconso-glc.gal\/wp-content\/uploads\/2024\/02\/Entroido-Vilarino-de-Conso.jpg","type":"image\/jpeg"}],"twitter_card":"summary_large_image","twitter_site":"@entroidovdconso","twitter_misc":{"Tempo de lectura":"7 minutos"},"schema":{"@context":"https:\/\/schema.org","@graph":[{"@type":"WebPage","@id":"https:\/\/xn--entroidodevilariodeconso-glc.gal\/declaracion-de-accesibilidad\/","url":"https:\/\/xn--entroidodevilariodeconso-glc.gal\/declaracion-de-accesibilidad\/","name":"Declaraci\u00f3n de accesibilidad - Entroido Vilari&ntilde;o de Conso","isPartOf":{"@id":"https:\/\/xn--entroidodevilariodeconso-glc.gal\/#website"},"datePublished":"2024-10-22T11:34:31+00:00","dateModified":"2025-02-18T13:12:33+00:00","breadcrumb":{"@id":"https:\/\/xn--entroidodevilariodeconso-glc.gal\/declaracion-de-accesibilidad\/#breadcrumb"},"inLanguage":"gl-ES","potentialAction":[{"@type":"ReadAction","target":["https:\/\/xn--entroidodevilariodeconso-glc.gal\/declaracion-de-accesibilidad\/"]}]},{"@type":"BreadcrumbList","@id":"https:\/\/xn--entroidodevilariodeconso-glc.gal\/declaracion-de-accesibilidad\/#breadcrumb","itemListElement":[{"@type":"ListItem","position":1,"name":"Portada","item":"https:\/\/xn--entroidodevilariodeconso-glc.gal\/"},{"@type":"ListItem","position":2,"name":"Declaraci\u00f3n de accesibilidad"}]},{"@type":"WebSite","@id":"https:\/\/xn--entroidodevilariodeconso-glc.gal\/#website","url":"https:\/\/xn--entroidodevilariodeconso-glc.gal\/","name":"Entroido de Vilari\u00f1o de Conso","description":"El Entroido es una de las principales festividades, -si no la principal- del municipio de Vilari&ntilde;o de Conso.","potentialAction":[{"@type":"SearchAction","target":{"@type":"EntryPoint","urlTemplate":"https:\/\/xn--entroidodevilariodeconso-glc.gal\/?s={search_term_string}"},"query-input":{"@type":"PropertyValueSpecification","valueRequired":true,"valueName":"search_term_string"}}],"inLanguage":"gl-ES"}]}},"_links":{"self":[{"href":"https:\/\/xn--entroidodevilariodeconso-glc.gal\/gl\/wp-json\/wp\/v2\/pages\/13863","targetHints":{"allow":["GET"]}}],"collection":[{"href":"https:\/\/xn--entroidodevilariodeconso-glc.gal\/gl\/wp-json\/wp\/v2\/pages"}],"about":[{"href":"https:\/\/xn--entroidodevilariodeconso-glc.gal\/gl\/wp-json\/wp\/v2\/types\/page"}],"author":[{"embeddable":true,"href":"https:\/\/xn--entroidodevilariodeconso-glc.gal\/gl\/wp-json\/wp\/v2\/users\/1"}],"replies":[{"embeddable":true,"href":"https:\/\/xn--entroidodevilariodeconso-glc.gal\/gl\/wp-json\/wp\/v2\/comments?post=13863"}],"version-history":[{"count":4,"href":"https:\/\/xn--entroidodevilariodeconso-glc.gal\/gl\/wp-json\/wp\/v2\/pages\/13863\/revisions"}],"predecessor-version":[{"id":13963,"href":"https:\/\/xn--entroidodevilariodeconso-glc.gal\/gl\/wp-json\/wp\/v2\/pages\/13863\/revisions\/13963"}],"wp:attachment":[{"href":"https:\/\/xn--entroidodevilariodeconso-glc.gal\/gl\/wp-json\/wp\/v2\/media?parent=13863"}],"curies":[{"name":"wp","href":"https:\/\/api.w.org\/{rel}","templated":true}]}}