{"id":13966,"date":"2025-02-19T12:40:08","date_gmt":"2025-02-19T11:40:08","guid":{"rendered":"https:\/\/xn--entroidodevilariodeconso-glc.gal\/?page_id=13966"},"modified":"2025-02-19T13:13:13","modified_gmt":"2025-02-19T12:13:13","slug":"aviso-legal","status":"publish","type":"page","link":"https:\/\/xn--entroidodevilariodeconso-glc.gal\/en\/aviso-legal\/","title":{"rendered":"Legal notice"},"content":{"rendered":"<div data-elementor-type=\"wp-page\" data-elementor-id=\"13966\" class=\"elementor elementor-13966\">\n\t\t\t\t\t\t<section class=\"elementor-section elementor-top-section elementor-element elementor-element-56be46a elementor-section-boxed elementor-section-height-default elementor-section-height-default\" data-id=\"56be46a\" data-element_type=\"section\">\n\t\t\t\t\t\t<div class=\"elementor-container elementor-column-gap-default\">\n\t\t\t\t\t<div class=\"elementor-column elementor-col-100 elementor-top-column elementor-element elementor-element-047042a\" data-id=\"047042a\" data-element_type=\"column\">\n\t\t\t<div class=\"elementor-widget-wrap elementor-element-populated\">\n\t\t\t\t\t\t<div class=\"elementor-element elementor-element-e1ffa6a elementor-widget elementor-widget-text-editor\" data-id=\"e1ffa6a\" data-element_type=\"widget\" data-widget_type=\"text-editor.default\">\n\t\t\t\t<div class=\"elementor-widget-container\">\n\t\t\t\t\t\t\t\t\t<p>Please read the Terms and Conditions outlined in this document carefully, as using this website implies your full and express acceptance of them in the version published at the time you access any of the web pages located under the domain https:\/\/entroidodevilari\u00f1odeconso.gal\/ and its respective subdomains and subdirectories.\n\nWe recommend that you review this document each time you access the website to check for any changes in the terms of use and leave the site if you do not agree with such changes. If we consider certain modifications to be significant, we will update the \"Last Modified\" date at the top of this page.\n\nAny person accessing this website assumes the role of a user, committing to the strict observance and compliance with the provisions set forth herein, as well as any other applicable legal regulations.<\/p><p><strong>The TOWN COUNCIL OF VILARI\u00d1O DE CONSO<\/strong> It reserves the right to modify any information that may appear on the website without any obligation to provide prior notice or inform users of such changes, considering publication on the website as sufficient.<\/p><p><strong>1. IDENTIFICATION<\/strong><\/p><p>In compliance with the information duty established in Article 10 of Law 34\/2002, of July 11, on Information Society Services and Electronic Commerce, and in accordance with the current legislation on data protection, specifically Organic Law 3\/2018, of December 5, on Personal Data Protection and the Guarantee of Digital Rights (LOPDGDD), which fully enforces the application of Regulation (EU) 2016\/679 of the European Parliament and of the Council of April 27, 2016, on the protection of natural persons regarding the processing of personal data and the free movement of such data (GDPR), we hereby provide you with our identification and contact details:<\/p><p><strong> Website owner:<\/strong> TOWN COUNCIL OF VILARI\u00d1O DE CONSO (hereinafter, THE COUNCIL) Tax Identification Number (CIF): P3209330G<\/p><p><strong>2. COMMUNICATION<\/strong><\/p><p>To contact us regarding any matter related to the content of this Legal Notice, we provide the following contact methods:<\/p><p>Phone: 988 340 302<br \/>Email: concello@vilarinodeconso.es<br \/>Registered Address: Rua del Museo 3; 32557 Vilari\u00f1o de Conso<br \/>Website: entroidodevilari\u00f1odeconso.gal<br \/>Data Protection Officer (DPO):<\/p><p>All notifications and communications provided in this section shall be considered effective for all purposes when made through any of the means detailed above.<\/p><p>By accessing, viewing, or using the materials or services available on or through this website, or the content accessible on other web pages or software applications, the user acknowledges and agrees that this document is the legal equivalent of a signed written document and is binding.<\/p><p><strong>User Obligations:<\/strong> The User is required to make proper use of the website in accordance with the Law and this Legal Notice. The User shall be liable to THE COUNCIL or third parties for any damage or harm that may result from non-compliance with this obligation.<\/p><p>The use of the website for purposes that may harm the assets or interests of THE COUNCIL or third parties is expressly prohibited, as well as any actions that may overload, damage, or disable the networks, servers, and other computer equipment (hardware) or software applications of **THE COUNCIL** or third parties.<\/p><p><strong>IP Addresses:\u00a0<\/strong>The website's servers may automatically detect the IP address and domain name used by the user. An IP address is a number automatically assigned to a computer when it connects to the Internet. All this information is recorded in a properly registered server activity log, allowing for the subsequent processing of data to obtain purely statistical measurements, such as the number of page impressions, the number of visits to the web servers, the order of visits, the access point, etc.<\/p><p><strong>3. INTELLECTUAL PROPERTY<\/strong><br \/>\u200b<br \/>The entirety of this website (including product descriptions, text, images, trademarks, logos, buttons, files, colors, as well as the structure, selection, arrangement, and presentation of its contents) is the property of **THE COUNCIL** or third parties who have licensed or authorized its use. All logos, trademarks, and designs appearing on this website are part of the registered intellectual property rights owned by us, and any form of exploitation\u2014such as reproduction, distribution, public communication, or transformation\u2014is strictly prohibited without express authorization.  \n\nThe user agrees to use the content diligently, correctly, and lawfully, and in particular, commits to refraining from deleting or manipulating copyright notices and other identifying data related to the rights of **THE COUNCIL** or its owners embedded in the content, as well as any technical protection devices or information mechanisms included in the content.  \n\nFurthermore, the user shall refrain from using the content, particularly any information obtained through the site, to send advertisements, commercial communications, or unsolicited messages addressed to multiple recipients for any purpose, as well as from marketing or distributing such information in any manner.  \n\nAdditionally, **THE COUNCIL** may, if deemed appropriate and without prejudice to the sole responsibility of the users, implement the necessary filters to prevent the dissemination of content or opinions through its web pages that are considered racist, xenophobic, discriminatory, pornographic, defamatory, or that in any way promote violence or the spread of clearly unlawful or harmful content.<\/p><p>THE COUNCIL recognizes the corresponding intellectual and industrial property rights in favor of their rightful owners. The mere mention or appearance of such rights on the website does not imply the existence of any rights or responsibility over them, nor does it constitute endorsement, sponsorship, or recommendation by THE COUNCIL.<\/p><p>To make any observations regarding possible infringements of intellectual or industrial property rights, as well as any concerns about the website's content, you may contact us via email at concello@vilarinodeconso.es.<\/p><p><strong>4. DISCLAIMER OF LIABILITY<\/strong><\/p><p>Regarding Information: Accessing the website does not imply any obligation on the part of THE COUNCIL to verify the truthfulness, accuracy, adequacy, suitability, completeness, or timeliness of the information provided. The content of this website is general in nature and does not, under any circumstances, constitute the provision of legal or tax advisory services. Therefore, such information is insufficient for making personal or user decisions.  \n\nTHE COUNCIL is not responsible for decisions made based on the information provided on the website, nor for any damages or harm suffered by the user or third parties as a result of actions based solely on the information obtained from the website.<\/p><p>Regarding Service Quality: Accessing the website does not imply an obligation on the part of THE COUNCIL to ensure the absence of viruses, worms, or any other harmful computer elements. It is the user's responsibility to have the appropriate tools for detecting and removing harmful software.  \n\nTHE COUNCIL is not responsible for any damage caused to users' or third parties' computer equipment during the provision of the website's services.<\/p><p>Regarding Service Availability: Access to the website requires third-party services and supplies, including transmission through telecommunications networks, whose reliability, quality, continuity, and operation are not the responsibility of **THE COUNCIL**. Consequently, the services provided through the website may be suspended, canceled, or become inaccessible, either before or during their provision.  \n\nTHE COUNCIL is not responsible for any damages or harm suffered by the user as a result of failures or disconnections in telecommunications networks that lead to the suspension, cancellation, or interruption of website services, whether during their provision or beforehand.<\/p><p><strong>5. LEGISLATION AND JURISDICTION<\/strong><\/p><p>These general terms and conditions shall be governed by the provisions set forth herein and, where not specified, by applicable Spanish laws. For any disputes that may arise regarding the interpretation or execution of these terms, the user and THE COUNCIL expressly agree to submit to the competent Courts and Tribunals in accordance with the applicable legislation.<\/p>\t\t\t\t\t\t\t\t<\/div>\n\t\t\t\t<\/div>\n\t\t\t\t\t<\/div>\n\t\t<\/div>\n\t\t\t\t\t<\/div>\n\t\t<\/section>\n\t\t\t\t<\/div>","protected":false},"excerpt":{"rendered":"<p>Lee atentamente los T\u00e9rminos y Condiciones que constan en este documento, ya que lo uso de este sitio web implica la aceptaci\u00f3n expresa y plena de los mismos, en la versi\u00f3n publicada en el momento en el que accedes a todas y cada una de las p\u00e1ginas web localizables bajo el dominio https:\/\/entroidodevilari\u00f1odeconso.gal\/ y sus [&hellip;]<\/p>","protected":false},"author":1,"featured_media":0,"parent":0,"menu_order":0,"comment_status":"closed","ping_status":"closed","template":"","meta":{"iawp_total_views":14,"footnotes":""},"class_list":["post-13966","page","type-page","status-publish","hentry"],"yoast_head":"<!-- This site is optimized with the Yoast SEO plugin v26.7 - https:\/\/yoast.com\/wordpress\/plugins\/seo\/ -->\n<title>Aviso legal - Entroido Vilari&ntilde;o de Conso<\/title>\n<meta name=\"robots\" content=\"noindex, nofollow\" \/>\n<meta property=\"og:locale\" content=\"en_GB\" \/>\n<meta property=\"og:type\" content=\"article\" \/>\n<meta property=\"og:title\" content=\"Aviso legal - Entroido Vilari&ntilde;o de Conso\" \/>\n<meta property=\"og:description\" content=\"Lee atentamente los T\u00e9rminos y Condiciones que constan en este documento, ya que lo uso de este sitio web implica la aceptaci\u00f3n expresa y plena de los mismos, en la versi\u00f3n publicada en el momento en el que accedes a todas y cada una de las p\u00e1ginas web localizables bajo el dominio https:\/\/entroidodevilari\u00f1odeconso.gal\/ y sus [&hellip;]\" \/>\n<meta property=\"og:url\" content=\"https:\/\/xn--entroidodevilariodeconso-glc.gal\/en\/aviso-legal\/\" \/>\n<meta property=\"og:site_name\" content=\"Entroido Vilari&ntilde;o de Conso\" \/>\n<meta property=\"article:publisher\" content=\"https:\/\/www.facebook.com\/EntroidodeVilarinodeConso\" \/>\n<meta property=\"article:modified_time\" content=\"2025-02-19T12:13:13+00:00\" \/>\n<meta property=\"og:image\" content=\"https:\/\/xn--entroidodevilariodeconso-glc.gal\/wp-content\/uploads\/2024\/02\/Entroido-Vilarino-de-Conso.jpg\" \/>\n\t<meta property=\"og:image:width\" content=\"1056\" \/>\n\t<meta property=\"og:image:height\" content=\"750\" \/>\n\t<meta property=\"og:image:type\" content=\"image\/jpeg\" \/>\n<meta name=\"twitter:card\" content=\"summary_large_image\" \/>\n<meta name=\"twitter:site\" content=\"@entroidovdconso\" \/>\n<meta name=\"twitter:label1\" content=\"Estimated reading time\" \/>\n\t<meta name=\"twitter:data1\" content=\"7 minutes\" \/>\n<script type=\"application\/ld+json\" class=\"yoast-schema-graph\">{\"@context\":\"https:\/\/schema.org\",\"@graph\":[{\"@type\":\"WebPage\",\"@id\":\"https:\/\/xn--entroidodevilariodeconso-glc.gal\/aviso-legal\/\",\"url\":\"https:\/\/xn--entroidodevilariodeconso-glc.gal\/aviso-legal\/\",\"name\":\"Aviso legal - Entroido Vilari&ntilde;o de Conso\",\"isPartOf\":{\"@id\":\"https:\/\/xn--entroidodevilariodeconso-glc.gal\/#website\"},\"datePublished\":\"2025-02-19T11:40:08+00:00\",\"dateModified\":\"2025-02-19T12:13:13+00:00\",\"breadcrumb\":{\"@id\":\"https:\/\/xn--entroidodevilariodeconso-glc.gal\/aviso-legal\/#breadcrumb\"},\"inLanguage\":\"en-GB\",\"potentialAction\":[{\"@type\":\"ReadAction\",\"target\":[\"https:\/\/xn--entroidodevilariodeconso-glc.gal\/aviso-legal\/\"]}]},{\"@type\":\"BreadcrumbList\",\"@id\":\"https:\/\/xn--entroidodevilariodeconso-glc.gal\/aviso-legal\/#breadcrumb\",\"itemListElement\":[{\"@type\":\"ListItem\",\"position\":1,\"name\":\"Portada\",\"item\":\"https:\/\/xn--entroidodevilariodeconso-glc.gal\/\"},{\"@type\":\"ListItem\",\"position\":2,\"name\":\"Aviso legal\"}]},{\"@type\":\"WebSite\",\"@id\":\"https:\/\/xn--entroidodevilariodeconso-glc.gal\/#website\",\"url\":\"https:\/\/xn--entroidodevilariodeconso-glc.gal\/\",\"name\":\"Entroido de Vilari\u00f1o de Conso\",\"description\":\"El Entroido es una de las principales festividades, -si no la principal- del municipio de Vilari&ntilde;o de Conso.\",\"potentialAction\":[{\"@type\":\"SearchAction\",\"target\":{\"@type\":\"EntryPoint\",\"urlTemplate\":\"https:\/\/xn--entroidodevilariodeconso-glc.gal\/?s={search_term_string}\"},\"query-input\":{\"@type\":\"PropertyValueSpecification\",\"valueRequired\":true,\"valueName\":\"search_term_string\"}}],\"inLanguage\":\"en-GB\"}]}<\/script>\n<!-- \/ Yoast SEO plugin. -->","yoast_head_json":{"title":"Aviso legal - Entroido Vilari&ntilde;o de Conso","robots":{"index":"noindex","follow":"nofollow"},"og_locale":"en_GB","og_type":"article","og_title":"Aviso legal - Entroido Vilari&ntilde;o de Conso","og_description":"Lee atentamente los T\u00e9rminos y Condiciones que constan en este documento, ya que lo uso de este sitio web implica la aceptaci\u00f3n expresa y plena de los mismos, en la versi\u00f3n publicada en el momento en el que accedes a todas y cada una de las p\u00e1ginas web localizables bajo el dominio https:\/\/entroidodevilari\u00f1odeconso.gal\/ y sus [&hellip;]","og_url":"https:\/\/xn--entroidodevilariodeconso-glc.gal\/en\/aviso-legal\/","og_site_name":"Entroido Vilari&ntilde;o de Conso","article_publisher":"https:\/\/www.facebook.com\/EntroidodeVilarinodeConso","article_modified_time":"2025-02-19T12:13:13+00:00","og_image":[{"width":1056,"height":750,"url":"https:\/\/xn--entroidodevilariodeconso-glc.gal\/wp-content\/uploads\/2024\/02\/Entroido-Vilarino-de-Conso.jpg","type":"image\/jpeg"}],"twitter_card":"summary_large_image","twitter_site":"@entroidovdconso","twitter_misc":{"Estimated reading time":"7 minutes"},"schema":{"@context":"https:\/\/schema.org","@graph":[{"@type":"WebPage","@id":"https:\/\/xn--entroidodevilariodeconso-glc.gal\/aviso-legal\/","url":"https:\/\/xn--entroidodevilariodeconso-glc.gal\/aviso-legal\/","name":"Aviso legal - Entroido Vilari&ntilde;o de Conso","isPartOf":{"@id":"https:\/\/xn--entroidodevilariodeconso-glc.gal\/#website"},"datePublished":"2025-02-19T11:40:08+00:00","dateModified":"2025-02-19T12:13:13+00:00","breadcrumb":{"@id":"https:\/\/xn--entroidodevilariodeconso-glc.gal\/aviso-legal\/#breadcrumb"},"inLanguage":"en-GB","potentialAction":[{"@type":"ReadAction","target":["https:\/\/xn--entroidodevilariodeconso-glc.gal\/aviso-legal\/"]}]},{"@type":"BreadcrumbList","@id":"https:\/\/xn--entroidodevilariodeconso-glc.gal\/aviso-legal\/#breadcrumb","itemListElement":[{"@type":"ListItem","position":1,"name":"Portada","item":"https:\/\/xn--entroidodevilariodeconso-glc.gal\/"},{"@type":"ListItem","position":2,"name":"Aviso legal"}]},{"@type":"WebSite","@id":"https:\/\/xn--entroidodevilariodeconso-glc.gal\/#website","url":"https:\/\/xn--entroidodevilariodeconso-glc.gal\/","name":"Entroido de Vilari\u00f1o de Conso","description":"El Entroido es una de las principales festividades, -si no la principal- del municipio de Vilari&ntilde;o de Conso.","potentialAction":[{"@type":"SearchAction","target":{"@type":"EntryPoint","urlTemplate":"https:\/\/xn--entroidodevilariodeconso-glc.gal\/?s={search_term_string}"},"query-input":{"@type":"PropertyValueSpecification","valueRequired":true,"valueName":"search_term_string"}}],"inLanguage":"en-GB"}]}},"_links":{"self":[{"href":"https:\/\/xn--entroidodevilariodeconso-glc.gal\/en\/wp-json\/wp\/v2\/pages\/13966","targetHints":{"allow":["GET"]}}],"collection":[{"href":"https:\/\/xn--entroidodevilariodeconso-glc.gal\/en\/wp-json\/wp\/v2\/pages"}],"about":[{"href":"https:\/\/xn--entroidodevilariodeconso-glc.gal\/en\/wp-json\/wp\/v2\/types\/page"}],"author":[{"embeddable":true,"href":"https:\/\/xn--entroidodevilariodeconso-glc.gal\/en\/wp-json\/wp\/v2\/users\/1"}],"replies":[{"embeddable":true,"href":"https:\/\/xn--entroidodevilariodeconso-glc.gal\/en\/wp-json\/wp\/v2\/comments?post=13966"}],"version-history":[{"count":10,"href":"https:\/\/xn--entroidodevilariodeconso-glc.gal\/en\/wp-json\/wp\/v2\/pages\/13966\/revisions"}],"predecessor-version":[{"id":13977,"href":"https:\/\/xn--entroidodevilariodeconso-glc.gal\/en\/wp-json\/wp\/v2\/pages\/13966\/revisions\/13977"}],"wp:attachment":[{"href":"https:\/\/xn--entroidodevilariodeconso-glc.gal\/en\/wp-json\/wp\/v2\/media?parent=13966"}],"curies":[{"name":"wp","href":"https:\/\/api.w.org\/{rel}","templated":true}]}}